{"id":5212,"date":"2021-08-25T07:26:28","date_gmt":"2021-08-25T07:26:28","guid":{"rendered":"http:\/\/dummy.xtemos.com\/woodmart2\/?page_id=5212"},"modified":"2025-06-09T11:25:16","modified_gmt":"2025-06-09T08:25:16","slug":"hakkimizda","status":"publish","type":"page","link":"https:\/\/samrenk.com.tr\/magaza\/hakkimizda\/","title":{"rendered":"Hakk\u0131m\u0131zda"},"content":{"rendered":"<div class=\"wpb-content-wrapper\"><p>[vc_row css=&#8221;.vc_custom_1629877038080{margin-bottom: 40px !important;}&#8221; mobile_bg_img_hidden=&#8221;no&#8221; tablet_bg_img_hidden=&#8221;no&#8221; woodmart_parallax=&#8221;0&#8243; woodmart_gradient_switch=&#8221;no&#8221; row_reverse_mobile=&#8221;1&#8243; row_reverse_tablet=&#8221;1&#8243; woodmart_disable_overflow=&#8221;0&#8243; wd_z_index=&#8221;no&#8221; woodmart_css_id=&#8221;6125f32826e3d&#8221; responsive_spacing=&#8221;eyJwYXJhbV90eXBlIjoid29vZG1hcnRfcmVzcG9uc2l2ZV9zcGFjaW5nIiwic2VsZWN0b3JfaWQiOiI2MTI1ZjMyODI2ZTNkIiwic2hvcnRjb2RlIjoidmNfcm93IiwiZGF0YSI6eyJ0YWJsZXQiOnt9LCJtb2JpbGUiOnsibWFyZ2luLWJvdHRvbSI6IjIwIn19fQ==&#8221;][vc_column css=&#8221;.vc_custom_1629877010833{margin-bottom: 40px !important;padding-top: 0px !important;}&#8221; mobile_bg_img_hidden=&#8221;no&#8221; tablet_bg_img_hidden=&#8221;no&#8221; woodmart_parallax=&#8221;0&#8243; woodmart_sticky_column=&#8221;false&#8221; parallax_scroll=&#8221;no&#8221; mobile_reset_margin=&#8221;no&#8221; tablet_reset_margin=&#8221;no&#8221; offset=&#8221;vc_col-lg-6 vc_col-md-6&#8243; wd_z_index=&#8221;no&#8221; woodmart_css_id=&#8221;6125f30edad72&#8243; responsive_spacing=&#8221;eyJwYXJhbV90eXBlIjoid29vZG1hcnRfcmVzcG9uc2l2ZV9zcGFjaW5nIiwic2VsZWN0b3JfaWQiOiI2MTI1ZjMwZWRhZDcyIiwic2hvcnRjb2RlIjoidmNfY29sdW1uIiwiZGF0YSI6eyJ0YWJsZXQiOnt9LCJtb2JpbGUiOnt9fX0=&#8221;]\t\t<div id=\"wd-69e75d7a1a7f1\" class=\"wd-image wd-wpb text-left vc_custom_1629876575750\">\n\t\t\t\n\t\t\t<img loading=\"lazy\" decoding=\"async\" width=\"580\" height=\"580\" src=\"https:\/\/samrenk.com.tr\/magaza\/wp-content\/uploads\/2021\/08\/about-us-3-image-1.jpg\" class=\"attachment-full size-full\" alt=\"\" srcset=\"https:\/\/samrenk.com.tr\/magaza\/wp-content\/uploads\/2021\/08\/about-us-3-image-1.jpg 580w, https:\/\/samrenk.com.tr\/magaza\/wp-content\/uploads\/2021\/08\/about-us-3-image-1-430x430.jpg 430w, https:\/\/samrenk.com.tr\/magaza\/wp-content\/uploads\/2021\/08\/about-us-3-image-1-150x150.jpg 150w\" sizes=\"auto, (max-width: 580px) 100vw, 580px\" title=\"\">\n\t\t\t\t\t<\/div>\n\t\t[\/vc_column][vc_column css=&#8221;.vc_custom_1629877027060{margin-bottom: 40px !important;padding-top: 40px !important;}&#8221; mobile_bg_img_hidden=&#8221;no&#8221; tablet_bg_img_hidden=&#8221;no&#8221; woodmart_parallax=&#8221;0&#8243; woodmart_sticky_column=&#8221;false&#8221; parallax_scroll=&#8221;no&#8221; mobile_reset_margin=&#8221;no&#8221; tablet_reset_margin=&#8221;no&#8221; offset=&#8221;vc_col-lg-offset-1 vc_col-lg-5 vc_col-md-6 vc_col-xs-12&#8243; wd_z_index=&#8221;no&#8221; woodmart_css_id=&#8221;6125f320eb687&#8243; responsive_spacing=&#8221;eyJwYXJhbV90eXBlIjoid29vZG1hcnRfcmVzcG9uc2l2ZV9zcGFjaW5nIiwic2VsZWN0b3JfaWQiOiI2MTI1ZjMyMGViNjg3Iiwic2hvcnRjb2RlIjoidmNfY29sdW1uIiwiZGF0YSI6eyJ0YWJsZXQiOnt9LCJtb2JpbGUiOnsicGFkZGluZy10b3AiOiIwIn19fQ==&#8221;]\t\t<div id=\"wd-68469a3c34a61\" class=\"wd-text-block wd-wpb reset-last-child wd-rs-68469a3c34a61 text-left wd-fontsize-custom vc_custom_1749457477292\">\n\t\t\t<p>Samrenk, promosyon \u00fcr\u00fcnleri ve dijital bask\u0131 alan\u0131nda kaliteli, h\u0131zl\u0131 ve yarat\u0131c\u0131 \u00e7\u00f6z\u00fcmler sunmak amac\u0131yla kurulmu\u015f bir e-ticaret markas\u0131d\u0131r. Kurumsal firmalardan bireysel m\u00fc\u015fterilere kadar geni\u015f bir kitleye hitap eden Samrenk, markalar\u0131n tan\u0131t\u0131m g\u00fcc\u00fcn\u00fc art\u0131rmalar\u0131na katk\u0131 sa\u011flamak i\u00e7in her ge\u00e7en g\u00fcn \u00fcr\u00fcn yelpazesini ve hizmet kalitesini geli\u015ftirmektedir.<\/p>\n<p>M\u00fc\u015fteri memnuniyetini her zaman \u00f6n planda tutan ekibimiz, en iyi sonucu elde etmek i\u00e7in titizlikle \u00e7al\u0131\u015f\u0131r. Gerek promosyon \u00fcr\u00fcnlerinde, gerekse dijital bask\u0131 hizmetlerinde kalite, uygun fiyat ve zaman\u0131nda teslimat ilkemizdir.<\/p>\n<p>Kupa, kalem, defter, \u00e7anta, ti\u015f\u00f6rt, USB bellek gibi promosyon \u00fcr\u00fcnlerinden afi\u015f, sticker, etiket ve \u00f6zel tasar\u0131ml\u0131 dijital bask\u0131lara kadar bir\u00e7ok alanda \u00fcretim ve tedarik sa\u011fl\u0131yoruz. Sipari\u015f \u00f6ncesi ve sonras\u0131 destek ekibimizle her zaman yan\u0131n\u0131zday\u0131z.<\/p>\n<p>Vizyonumuz, markalar\u0131n daha g\u00f6r\u00fcn\u00fcr ve ak\u0131lda kal\u0131c\u0131 olmas\u0131na katk\u0131 sunan yarat\u0131c\u0131 \u00fcr\u00fcn ve \u00e7\u00f6z\u00fcmler \u00fcretmektir.<br \/>\nMisyonumuz, kaliteli \u00fcr\u00fcn ve g\u00fcvenilir hizmet anlay\u0131\u015f\u0131yla uzun vadeli i\u015f ortakl\u0131klar\u0131 kurmakt\u0131r.<\/p>\n<p>Siz de markan\u0131za de\u011fer katmak, etkili tan\u0131t\u0131m yapmak ve kaliteli bask\u0131 \u00e7\u00f6z\u00fcmleriyle \u00f6ne \u00e7\u0131kmak istiyorsan\u0131z, do\u011fru yerdesiniz.<\/p>\n\t\t<\/div>\n\t\t[vc_separator color=&#8221;custom&#8221; css=&#8221;.vc_custom_1615616514122{margin-bottom: 20px !important;padding-top: 10px !important;}&#8221; accent_color=&#8221;rgba(10,10,10,0.12)&#8221;][vc_row_inner content_placement=&#8221;middle&#8221; row_reverse_mobile=&#8221;0&#8243; row_reverse_tablet=&#8221;0&#8243;][vc_column_inner css=&#8221;.vc_custom_1617632364304{padding-top: 0px !important;}&#8221;]\t\t\t<div\n\t\t\t\t\t\tclass=\" wd-rs-68469a4f26c52 wd-social-icons  wd-style-colored-alt wd-size-small social-follow wd-shape-circle color-scheme-dark text-right\">\n\t\t\t\t\n\t\t\t\t\n\t\t\t\t\t\t\t\t\t<a rel=\"noopener noreferrer nofollow\" href=\"#\" target=\"_blank\" class=\" wd-social-icon social-facebook\" aria-label=\"Facebook sosyal ba\u011flant\u0131s\u0131\">\n\t\t\t\t\t\t<span class=\"wd-icon\"><\/span>\n\t\t\t\t\t\t\t\t\t\t\t<\/a>\n\t\t\t\t\n\t\t\t\t\n\t\t\t\t\n\t\t\t\t\n\t\t\t\t\t\t\t\t\t<a rel=\"noopener noreferrer nofollow\" href=\"#\" target=\"_blank\" class=\" wd-social-icon social-instagram\" aria-label=\"Instagram sosyal ba\u011flant\u0131s\u0131\">\n\t\t\t\t\t\t<span class=\"wd-icon\"><\/span>\n\t\t\t\t\t\t\t\t\t\t\t<\/a>\n\t\t\t\t\n\t\t\t\t\n\t\t\t\t\n\t\t\t\t\n\t\t\t\t\n\t\t\t\t\n\t\t\t\t\n\t\t\t\t\n\t\t\t\t\n\t\t\t\t\n\t\t\t\t\n\t\t\t\t\n\t\t\t\t\n\t\t\t\t\n\t\t\t\t\n\t\t\t\t\n\t\t\t\t\n\t\t\t\t\n\t\t\t\t\n\t\t\t\t\n\t\t\t\t\n\t\t\t\t\n\t\t\t<\/div>\n\n\t\t[\/vc_column_inner][\/vc_row_inner][\/vc_column][\/vc_row]<\/p>\n<\/div>","protected":false},"excerpt":{"rendered":"<p>[vc_row css=&#8221;.vc_custom_1629877038080{margin-bottom: 40px !important;}&#8221; mobile_bg_img_hidden=&#8221;no&#8221; tablet_bg_img_hidden=&#8221;no&#8221; woodmart_parallax=&#8221;0&#8243; woodmart_gradient_switch=&#8221;no&#8221; row_reverse_mobile=&#8221;1&#8243; row_reverse_tablet=&#8221;1&#8243; woodmart_disable_overflow=&#8221;0&#8243; wd_z_index=&#8221;no&#8221; woodmart_css_id=&#8221;6125f32826e3d&#8221; responsive_spacing=&#8221;eyJwYXJhbV90eXBlIjoid29vZG1hcnRfcmVzcG9uc2l2ZV9zcGFjaW5nIiwic2VsZWN0b3JfaWQiOiI2MTI1ZjMyODI2ZTNkIiwic2hvcnRjb2RlIjoidmNfcm93IiwiZGF0YSI6eyJ0YWJsZXQiOnt9LCJtb2JpbGUiOnsibWFyZ2luLWJvdHRvbSI6IjIwIn19fQ==&#8221;][vc_column css=&#8221;.vc_custom_1629877010833{margin-bottom: 40px !important;padding-top: 0px !important;}&#8221; mobile_bg_img_hidden=&#8221;no&#8221;<\/p>\n","protected":false},"author":1,"featured_media":0,"parent":0,"menu_order":0,"comment_status":"closed","ping_status":"closed","template":"","meta":{"footnotes":""},"class_list":["post-5212","page","type-page","status-publish","hentry"],"_links":{"self":[{"href":"https:\/\/samrenk.com.tr\/magaza\/wp-json\/wp\/v2\/pages\/5212","targetHints":{"allow":["GET"]}}],"collection":[{"href":"https:\/\/samrenk.com.tr\/magaza\/wp-json\/wp\/v2\/pages"}],"about":[{"href":"https:\/\/samrenk.com.tr\/magaza\/wp-json\/wp\/v2\/types\/page"}],"author":[{"embeddable":true,"href":"https:\/\/samrenk.com.tr\/magaza\/wp-json\/wp\/v2\/users\/1"}],"replies":[{"embeddable":true,"href":"https:\/\/samrenk.com.tr\/magaza\/wp-json\/wp\/v2\/comments?post=5212"}],"version-history":[{"count":4,"href":"https:\/\/samrenk.com.tr\/magaza\/wp-json\/wp\/v2\/pages\/5212\/revisions"}],"predecessor-version":[{"id":10122,"href":"https:\/\/samrenk.com.tr\/magaza\/wp-json\/wp\/v2\/pages\/5212\/revisions\/10122"}],"wp:attachment":[{"href":"https:\/\/samrenk.com.tr\/magaza\/wp-json\/wp\/v2\/media?parent=5212"}],"curies":[{"name":"wp","href":"https:\/\/api.w.org\/{rel}","templated":true}]}}